{"id":23,"date":"2026-02-26T10:38:12","date_gmt":"2026-02-26T10:38:12","guid":{"rendered":"http:\/\/fynkuta.link\/?page_id=23"},"modified":"2026-02-26T10:38:16","modified_gmt":"2026-02-26T10:38:16","slug":"kontakt","status":"publish","type":"page","link":"https:\/\/fynkuta.link\/?page_id=23","title":{"rendered":"KONTAKT"},"content":{"rendered":"\n<pre class=\"wp-block-code\"><code>**Klaus\u2019 Haushaltswaren &amp; K\u00fcchenkunst**\n*Tradition und Qualit\u00e4t in D\u00fcsseldorf seit Generationen*<\/code><\/pre>\n\n\n\n<p>Wir sind f\u00fcr Sie da, wenn Sie Beratung brauchen, die Hand und Fu\u00df hat. Besuchen Sie uns in unserem Fachgesch\u00e4ft in der D\u00fcsseldorfer Altstadt.<\/p>\n\n\n\n<p><strong>WIE SIE UNS ERREICHEN:<\/strong><\/p>\n\n\n\n<ul class=\"wp-block-list\">\n<li><strong>TELEFON:<\/strong> <strong>+49-261-120-483<\/strong><\/li>\n\n\n\n<li><strong>E-MAIL:<\/strong> <strong>mail@fynkuta.link<\/strong><\/li>\n\n\n\n<li><strong>ADRESSE:<\/strong> <strong>K\u00f6nigsallee 42, 40212 D\u00fcsseldorf<\/strong><\/li>\n<\/ul>\n\n\n\n<pre class=\"wp-block-code\"><code>**UNSERE \u00d6FFNUNGSZEITEN:**\n\nWir nehmen uns Zeit f\u00fcr Sie. Damit das klappt, haben wir folgende Zeiten f\u00fcr Sie reserviert:\n\n| Tag | Vormittag | Nachmittag |\n| --- | --- | --- |\n| **Montag** | 09:30 \u2013 13:00 Uhr | 14:30 \u2013 18:30 Uhr |\n| **Dienstag** | 09:30 \u2013 13:00 Uhr | 14:30 \u2013 18:30 Uhr |\n| **Mittwoch** | 09:30 \u2013 13:00 Uhr | Geschlossen (Einkaufstag) |\n| **Donnerstag** | 09:30 \u2013 13:00 Uhr | 14:30 \u2013 18:30 Uhr |\n| **Freitag** | 09:30 \u2013 13:00 Uhr | 14:30 \u2013 18:30 Uhr |\n| **Samstag** | 10:00 \u2013 16:00 Uhr | Durchgehend |\n| **Sonntag** | Geschlossen | Ruhetag |<\/code><\/pre>\n\n\n\n<p><em>Wenn Sie eine spezielle Beratung f\u00fcr eine komplette K\u00fcchenerstausstattung w\u00fcnschen, rufen Sie uns gerne vorab an. Dann stellen wir sicher, dass Klaus oder einer unserer erfahrenen Mitarbeiter gen\u00fcgend Zeit f\u00fcr Sie hat. Wir freuen uns auf Ihren Besuch!<\/em><\/p>\n","protected":false},"excerpt":{"rendered":"<p>Wir sind f\u00fcr Sie da, wenn Sie Beratung brauchen, die Hand und Fu\u00df hat. Besuchen Sie uns in unserem Fachgesch\u00e4ft in der D\u00fcsseldorfer Altstadt. WIE SIE UNS ERREICHEN: Wenn Sie eine spezielle Beratung f\u00fcr eine komplette K\u00fcchenerstausstattung w\u00fcnschen, rufen Sie uns gerne vorab an. Dann stellen wir sicher, dass Klaus oder einer unserer erfahrenen Mitarbeiter <a class=\"more-link\" href=\"https:\/\/fynkuta.link\/?page_id=23\">Weiterlesen\u00a0\u2026<\/a><\/p>\n","protected":false},"author":1,"featured_media":0,"parent":0,"menu_order":5,"comment_status":"closed","ping_status":"closed","template":"","meta":{"footnotes":""},"class_list":["post-23","page","type-page","status-publish","hentry"],"_links":{"self":[{"href":"https:\/\/fynkuta.link\/index.php?rest_route=\/wp\/v2\/pages\/23","targetHints":{"allow":["GET"]}}],"collection":[{"href":"https:\/\/fynkuta.link\/index.php?rest_route=\/wp\/v2\/pages"}],"about":[{"href":"https:\/\/fynkuta.link\/index.php?rest_route=\/wp\/v2\/types\/page"}],"author":[{"embeddable":true,"href":"https:\/\/fynkuta.link\/index.php?rest_route=\/wp\/v2\/users\/1"}],"replies":[{"embeddable":true,"href":"https:\/\/fynkuta.link\/index.php?rest_route=%2Fwp%2Fv2%2Fcomments&post=23"}],"version-history":[{"count":1,"href":"https:\/\/fynkuta.link\/index.php?rest_route=\/wp\/v2\/pages\/23\/revisions"}],"predecessor-version":[{"id":24,"href":"https:\/\/fynkuta.link\/index.php?rest_route=\/wp\/v2\/pages\/23\/revisions\/24"}],"wp:attachment":[{"href":"https:\/\/fynkuta.link\/index.php?rest_route=%2Fwp%2Fv2%2Fmedia&parent=23"}],"curies":[{"name":"wp","href":"https:\/\/api.w.org\/{rel}","templated":true}]}}