{"id":15,"date":"2026-02-26T10:36:25","date_gmt":"2026-02-26T10:36:25","guid":{"rendered":"http:\/\/fynkuta.link\/?page_id=15"},"modified":"2026-02-26T10:36:28","modified_gmt":"2026-02-26T10:36:28","slug":"solinger-messerkunst","status":"publish","type":"page","link":"https:\/\/fynkuta.link\/?page_id=15","title":{"rendered":"Solinger Messerkunst"},"content":{"rendered":"\n<pre class=\"wp-block-code\"><code>Wenn man in D\u00fcsseldorf lebt, ist der Weg nach Solingen nicht weit. Das merkt man auch in meinem Sortiment. Ich sage immer: Ein stumpfes Messer ist gef\u00e4hrlicher als ein scharfes, weil man mit zu viel Kraft arbeitet und abrutscht. In meinem Laden haben Messer einen besonderen Platz. Ich halte nichts von diesen Sets mit 15 Messern im Holzblock, von denen man am Ende nur zwei benutzt. Ein Koch braucht drei gute Messer: ein gro\u00dfes Kochmesser, ein kleineres Officemesser f\u00fcr Gem\u00fcse und vielleicht ein Brotmesser mit Wellenschliff. Das reicht f\u00fcr 95 Prozent aller Aufgaben in der K\u00fcche.\n\nBei uns finden Sie Messer, die noch traditionell geschmiedet werden. Wir achten auf den Stahl, die H\u00e4rte nach Rockwell und die Balance. Ein Messer muss wie eine Verl\u00e4ngerung des Arms sein. Es gibt heute viele High-Tech-Materialien, aber der klassische Chrom-Molybd\u00e4n-Vanadium-Stahl aus Solingen ist f\u00fcr den Hausgebrauch immer noch unschlagbar, weil er robust ist und sich gut nachsch\u00e4rfen l\u00e4sst. Wir f\u00fchren aber auch japanische Klingen f\u00fcr die Liebhaber des extrem feinen Schnitts. Aber Vorsicht: Diese Messer brauchen mehr Pflege und vertragen keine Knochen oder tiefgek\u00fchlte Lebensmittel.\n\n* Handgeschmiedete Kochmesser aus Solingen und Japan.\n* Brotmesser mit speziellem Wellenschliff f\u00fcr harte Krusten.\n* Praktische Sch\u00e4l- und Gem\u00fcsemesser f\u00fcr die t\u00e4gliche Vorbereitung.\n* Zubeh\u00f6r zur Messerpflege: Wetzst\u00e4hle, Schleifsteine und Magnetleisten.\n* Fachgerechte Beratung zur Handhabung und Reinigung Ihrer Klingen.<\/code><\/pre>\n\n\n\n<p>| Tipp von Klaus |<br>Gute Messer geh\u00f6ren niemals, absolut niemals in die Sp\u00fclmaschine! Die aggressiven Salze und die Hitze greifen den Stahl an und machen die Klinge stumpf. Au\u00dferdem leiden Holzgriffe extrem darunter. Waschen Sie Ihr Messer direkt nach dem Gebrauch kurz mit warmem Wasser und etwas Sp\u00fclmittel ab, trocknen Sie es sofort \u2013 und es wird Ihnen Jahrzehnte treu bleiben.<\/p>\n\n\n\n<p>&#8222;`<\/p>\n\n\n\n<p>Das Sch\u00e4rfen ist ein weiteres Thema, das mir am Herzen liegt. Viele Kunden kommen mit alten Erbst\u00fccken zu mir, die v\u00f6llig stumpf sind. Wir zeigen Ihnen gerne, wie Sie mit einem Wetzstahl die Sch\u00e4rfe im Alltag erhalten oder wie Sie mit einem Schleifstein eine neue Schneide aufbauen. Ein Messer ist ein Werkzeug, und jedes Werkzeug braucht Pflege. Wer einmal erlebt hat, wie leicht ein wirklich scharfes Messer durch eine Tomate gleitet, ohne sie zu zerquetschen, der will nie wieder etwas anderes benutzen. In meinem Laden k\u00f6nnen Sie die Messer ausprobieren. Wir haben immer ein Brett und etwas Gem\u00fcse da, damit Sie das Gef\u00fchl f\u00fcr die Klinge bekommen. Denn am Ende entscheiden nicht die technischen Daten, sondern Ihr Gef\u00fchl in der Hand.<\/p>\n","protected":false},"excerpt":{"rendered":"<p>| Tipp von Klaus |Gute Messer geh\u00f6ren niemals, absolut niemals in die Sp\u00fclmaschine! Die aggressiven Salze und die Hitze greifen den Stahl an und machen die Klinge stumpf. Au\u00dferdem leiden Holzgriffe extrem darunter. Waschen Sie Ihr Messer direkt nach dem Gebrauch kurz mit warmem Wasser und etwas Sp\u00fclmittel ab, trocknen Sie es sofort \u2013 und <a class=\"more-link\" href=\"https:\/\/fynkuta.link\/?page_id=15\">Weiterlesen\u00a0\u2026<\/a><\/p>\n","protected":false},"author":1,"featured_media":0,"parent":0,"menu_order":2,"comment_status":"closed","ping_status":"closed","template":"","meta":{"footnotes":""},"class_list":["post-15","page","type-page","status-publish","hentry"],"_links":{"self":[{"href":"https:\/\/fynkuta.link\/index.php?rest_route=\/wp\/v2\/pages\/15","targetHints":{"allow":["GET"]}}],"collection":[{"href":"https:\/\/fynkuta.link\/index.php?rest_route=\/wp\/v2\/pages"}],"about":[{"href":"https:\/\/fynkuta.link\/index.php?rest_route=\/wp\/v2\/types\/page"}],"author":[{"embeddable":true,"href":"https:\/\/fynkuta.link\/index.php?rest_route=\/wp\/v2\/users\/1"}],"replies":[{"embeddable":true,"href":"https:\/\/fynkuta.link\/index.php?rest_route=%2Fwp%2Fv2%2Fcomments&post=15"}],"version-history":[{"count":1,"href":"https:\/\/fynkuta.link\/index.php?rest_route=\/wp\/v2\/pages\/15\/revisions"}],"predecessor-version":[{"id":16,"href":"https:\/\/fynkuta.link\/index.php?rest_route=\/wp\/v2\/pages\/15\/revisions\/16"}],"wp:attachment":[{"href":"https:\/\/fynkuta.link\/index.php?rest_route=%2Fwp%2Fv2%2Fmedia&parent=15"}],"curies":[{"name":"wp","href":"https:\/\/api.w.org\/{rel}","templated":true}]}}